{"id":888,"date":"2020-04-24T09:26:18","date_gmt":"2020-04-24T09:26:18","guid":{"rendered":"https:\/\/webshop.ambroise.nl\/product\/unkategorisiert\/tragegurt-mit-aufhangeose\/"},"modified":"2020-04-24T10:03:12","modified_gmt":"2020-04-24T10:03:12","slug":"tragegurt-mit-aufhangeose","status":"publish","type":"product","link":"https:\/\/webshop.ambroise.nl\/de\/product\/armorthesen\/schulterorthesen\/w2to\/tragegurt-mit-aufhangeose\/","title":{"rendered":"Tragegurt mit Aufh\u00e4nge\u00f6se"},"content":{"rendered":"","protected":false},"excerpt":{"rendered":"<p>Der Tragegurt mit Aufh\u00e4nge\u00f6se f\u00fcr den Schultergurt Ihrer Wilmer2 Trageorthese wird mit einer Aufh\u00e4nge\u00f6se geliefert, an der der Unterarmrahmen Ihrer Wilmer2 Trageorthese befestigt ist. Sie k\u00f6nnen eine linke oder rechte Variante w\u00e4hlen. Kommt mit 2 Gurtverschl\u00fcssen.<\/p>\n","protected":false},"featured_media":865,"template":"","meta":[],"product_brand":[],"product_cat":[69],"product_tag":[],"class_list":{"0":"post-888","1":"product","2":"type-product","3":"status-publish","4":"has-post-thumbnail","6":"product_cat-w2to","8":"first","9":"instock","10":"taxable","11":"shipping-taxable","12":"purchasable","13":"product-type-variable"},"_links":{"self":[{"href":"https:\/\/webshop.ambroise.nl\/de\/wp-json\/wp\/v2\/product\/888","targetHints":{"allow":["GET"]}}],"collection":[{"href":"https:\/\/webshop.ambroise.nl\/de\/wp-json\/wp\/v2\/product"}],"about":[{"href":"https:\/\/webshop.ambroise.nl\/de\/wp-json\/wp\/v2\/types\/product"}],"wp:featuredmedia":[{"embeddable":true,"href":"https:\/\/webshop.ambroise.nl\/de\/wp-json\/wp\/v2\/media\/865"}],"wp:attachment":[{"href":"https:\/\/webshop.ambroise.nl\/de\/wp-json\/wp\/v2\/media?parent=888"}],"wp:term":[{"taxonomy":"product_brand","embeddable":true,"href":"https:\/\/webshop.ambroise.nl\/de\/wp-json\/wp\/v2\/product_brand?post=888"},{"taxonomy":"product_cat","embeddable":true,"href":"https:\/\/webshop.ambroise.nl\/de\/wp-json\/wp\/v2\/product_cat?post=888"},{"taxonomy":"product_tag","embeddable":true,"href":"https:\/\/webshop.ambroise.nl\/de\/wp-json\/wp\/v2\/product_tag?post=888"}],"curies":[{"name":"wp","href":"https:\/\/api.w.org\/{rel}","templated":true}]}}