{"id":884,"date":"2020-04-24T09:21:43","date_gmt":"2020-04-24T09:21:43","guid":{"rendered":"https:\/\/webshop.ambroise.nl\/product\/unkategorisiert\/scharnierabdeckungsatz\/"},"modified":"2020-04-24T10:02:09","modified_gmt":"2020-04-24T10:02:09","slug":"scharnierabdeckungsatz","status":"publish","type":"product","link":"https:\/\/webshop.ambroise.nl\/de\/product\/beinorthesen\/genux\/scharnierabdeckungsatz\/","title":{"rendered":"Scharnierabdeckungsatz"},"content":{"rendered":"","protected":false},"excerpt":{"rendered":"<p>Die Scharnierabdeckung sorgt f\u00fcr ein ordentliches Erscheinungsbild und sch\u00fctzt Ihre Kleidung und Haut vor Scheuern am Kniescharnier. Sie k\u00f6nnen die Scharnierabdeckung einfach selbst platzieren.<\/p>\n<p>Kommt in einem Satz von 2.<\/p>\n","protected":false},"featured_media":862,"template":"","meta":[],"product_brand":[],"product_cat":[72,73],"product_tag":[],"class_list":{"0":"post-884","1":"product","2":"type-product","3":"status-publish","4":"has-post-thumbnail","6":"product_cat-genux","7":"product_cat-utx","9":"first","10":"instock","11":"taxable","12":"shipping-taxable","13":"purchasable","14":"product-type-simple"},"_links":{"self":[{"href":"https:\/\/webshop.ambroise.nl\/de\/wp-json\/wp\/v2\/product\/884","targetHints":{"allow":["GET"]}}],"collection":[{"href":"https:\/\/webshop.ambroise.nl\/de\/wp-json\/wp\/v2\/product"}],"about":[{"href":"https:\/\/webshop.ambroise.nl\/de\/wp-json\/wp\/v2\/types\/product"}],"wp:featuredmedia":[{"embeddable":true,"href":"https:\/\/webshop.ambroise.nl\/de\/wp-json\/wp\/v2\/media\/862"}],"wp:attachment":[{"href":"https:\/\/webshop.ambroise.nl\/de\/wp-json\/wp\/v2\/media?parent=884"}],"wp:term":[{"taxonomy":"product_brand","embeddable":true,"href":"https:\/\/webshop.ambroise.nl\/de\/wp-json\/wp\/v2\/product_brand?post=884"},{"taxonomy":"product_cat","embeddable":true,"href":"https:\/\/webshop.ambroise.nl\/de\/wp-json\/wp\/v2\/product_cat?post=884"},{"taxonomy":"product_tag","embeddable":true,"href":"https:\/\/webshop.ambroise.nl\/de\/wp-json\/wp\/v2\/product_tag?post=884"}],"curies":[{"name":"wp","href":"https:\/\/api.w.org\/{rel}","templated":true}]}}