{"id":824,"date":"2020-03-27T12:44:50","date_gmt":"2020-03-27T12:44:50","guid":{"rendered":"https:\/\/webshop.ambroise.nl\/product\/unkategorisiert\/ims-gurt-komplett\/"},"modified":"2020-04-24T07:34:22","modified_gmt":"2020-04-24T07:34:22","slug":"ims-gurt-komplett","status":"publish","type":"product","link":"https:\/\/webshop.ambroise.nl\/de\/product\/beinorthesen\/utx\/ims-gurt-komplett\/","title":{"rendered":"IMS Gurt komplett"},"content":{"rendered":"","protected":false},"excerpt":{"rendered":"<p>Die Gurte f\u00fcr Ihre UTX sind einfach zu montieren und in verschiedenen Gr\u00f6\u00dfen erh\u00e4ltlich. Sie m\u00fcssen nur (den Abstand zwischen den beiden Enden) die aktuellen B\u00e4nder messen\u00a0 und hier das richtige ausw\u00e4hlen.<\/p>\n<p>Kommt mit Gurtclip und Gurtverschluss.<\/p>\n","protected":false},"featured_media":825,"template":"","meta":[],"product_brand":[],"product_cat":[73],"product_tag":[],"class_list":{"0":"post-824","1":"product","2":"type-product","3":"status-publish","4":"has-post-thumbnail","6":"product_cat-utx","8":"first","9":"instock","10":"taxable","11":"shipping-taxable","12":"purchasable","13":"product-type-variable"},"_links":{"self":[{"href":"https:\/\/webshop.ambroise.nl\/de\/wp-json\/wp\/v2\/product\/824","targetHints":{"allow":["GET"]}}],"collection":[{"href":"https:\/\/webshop.ambroise.nl\/de\/wp-json\/wp\/v2\/product"}],"about":[{"href":"https:\/\/webshop.ambroise.nl\/de\/wp-json\/wp\/v2\/types\/product"}],"wp:featuredmedia":[{"embeddable":true,"href":"https:\/\/webshop.ambroise.nl\/de\/wp-json\/wp\/v2\/media\/825"}],"wp:attachment":[{"href":"https:\/\/webshop.ambroise.nl\/de\/wp-json\/wp\/v2\/media?parent=824"}],"wp:term":[{"taxonomy":"product_brand","embeddable":true,"href":"https:\/\/webshop.ambroise.nl\/de\/wp-json\/wp\/v2\/product_brand?post=824"},{"taxonomy":"product_cat","embeddable":true,"href":"https:\/\/webshop.ambroise.nl\/de\/wp-json\/wp\/v2\/product_cat?post=824"},{"taxonomy":"product_tag","embeddable":true,"href":"https:\/\/webshop.ambroise.nl\/de\/wp-json\/wp\/v2\/product_tag?post=824"}],"curies":[{"name":"wp","href":"https:\/\/api.w.org\/{rel}","templated":true}]}}