{"id":790,"date":"2020-03-27T11:47:55","date_gmt":"2020-03-27T11:47:55","guid":{"rendered":"https:\/\/webshop.ambroise.nl\/product\/unkategorisiert\/genux-kalbsriemen\/"},"modified":"2020-04-23T14:27:02","modified_gmt":"2020-04-23T14:27:02","slug":"genux-kalbsriemen","status":"publish","type":"product","link":"https:\/\/webshop.ambroise.nl\/de\/product\/beinorthesen\/genux\/genux-kalbsriemen\/","title":{"rendered":"Genux Kalbsriemen"},"content":{"rendered":"","protected":false},"excerpt":{"rendered":"<p>Der Genux Kalbsriemen sorgt daf\u00fcr, dass Ihr Genux nicht verrutscht. Um die richtige Gr\u00f6\u00dfe auszuw\u00e4hlen, messen Sie am besten den aktuellen Kalbsriemen. Dies ist die Gesamtl\u00e4nge des Kalbsriemen, wenn er vollst\u00e4ndig entfaltet ist.<\/p>\n","protected":false},"featured_media":791,"template":"","meta":[],"product_brand":[],"product_cat":[72],"product_tag":[],"class_list":{"0":"post-790","1":"product","2":"type-product","3":"status-publish","4":"has-post-thumbnail","6":"product_cat-genux","8":"first","9":"instock","10":"taxable","11":"shipping-taxable","12":"purchasable","13":"product-type-variable"},"_links":{"self":[{"href":"https:\/\/webshop.ambroise.nl\/de\/wp-json\/wp\/v2\/product\/790","targetHints":{"allow":["GET"]}}],"collection":[{"href":"https:\/\/webshop.ambroise.nl\/de\/wp-json\/wp\/v2\/product"}],"about":[{"href":"https:\/\/webshop.ambroise.nl\/de\/wp-json\/wp\/v2\/types\/product"}],"wp:featuredmedia":[{"embeddable":true,"href":"https:\/\/webshop.ambroise.nl\/de\/wp-json\/wp\/v2\/media\/791"}],"wp:attachment":[{"href":"https:\/\/webshop.ambroise.nl\/de\/wp-json\/wp\/v2\/media?parent=790"}],"wp:term":[{"taxonomy":"product_brand","embeddable":true,"href":"https:\/\/webshop.ambroise.nl\/de\/wp-json\/wp\/v2\/product_brand?post=790"},{"taxonomy":"product_cat","embeddable":true,"href":"https:\/\/webshop.ambroise.nl\/de\/wp-json\/wp\/v2\/product_cat?post=790"},{"taxonomy":"product_tag","embeddable":true,"href":"https:\/\/webshop.ambroise.nl\/de\/wp-json\/wp\/v2\/product_tag?post=790"}],"curies":[{"name":"wp","href":"https:\/\/api.w.org\/{rel}","templated":true}]}}