{"id":786,"date":"2020-03-27T13:33:26","date_gmt":"2020-03-27T13:33:26","guid":{"rendered":"https:\/\/webshop.ambroise.nl\/product\/unkategorisiert\/handstutze\/"},"modified":"2020-04-23T09:52:17","modified_gmt":"2020-04-23T09:52:17","slug":"handstutze","status":"publish","type":"product","link":"https:\/\/webshop.ambroise.nl\/de\/product\/armorthesen\/schulterorthesen\/w2to\/handstutze\/","title":{"rendered":"Handst\u00fctze"},"content":{"rendered":"","protected":false},"excerpt":{"rendered":"<p>Die Handst\u00fctze f\u00fcr Ihre Wilmer2 Trageorthese besteht aus einem Kunststoffteil mit einem weichen Futter, auf dem Ihre Hand ruht. Die Handst\u00fctze l\u00e4sst sich leicht ersetzen, indem Sie die Tunnel des Kunststoffteils \u00fcber den Rahmen der Handst\u00fctze schieben.<\/p>\n","protected":false},"featured_media":787,"template":"","meta":[],"product_brand":[],"product_cat":[69],"product_tag":[],"class_list":{"0":"post-786","1":"product","2":"type-product","3":"status-publish","4":"has-post-thumbnail","6":"product_cat-w2to","8":"first","9":"instock","10":"taxable","11":"shipping-taxable","12":"purchasable","13":"product-type-simple"},"_links":{"self":[{"href":"https:\/\/webshop.ambroise.nl\/de\/wp-json\/wp\/v2\/product\/786","targetHints":{"allow":["GET"]}}],"collection":[{"href":"https:\/\/webshop.ambroise.nl\/de\/wp-json\/wp\/v2\/product"}],"about":[{"href":"https:\/\/webshop.ambroise.nl\/de\/wp-json\/wp\/v2\/types\/product"}],"wp:featuredmedia":[{"embeddable":true,"href":"https:\/\/webshop.ambroise.nl\/de\/wp-json\/wp\/v2\/media\/787"}],"wp:attachment":[{"href":"https:\/\/webshop.ambroise.nl\/de\/wp-json\/wp\/v2\/media?parent=786"}],"wp:term":[{"taxonomy":"product_brand","embeddable":true,"href":"https:\/\/webshop.ambroise.nl\/de\/wp-json\/wp\/v2\/product_brand?post=786"},{"taxonomy":"product_cat","embeddable":true,"href":"https:\/\/webshop.ambroise.nl\/de\/wp-json\/wp\/v2\/product_cat?post=786"},{"taxonomy":"product_tag","embeddable":true,"href":"https:\/\/webshop.ambroise.nl\/de\/wp-json\/wp\/v2\/product_tag?post=786"}],"curies":[{"name":"wp","href":"https:\/\/api.w.org\/{rel}","templated":true}]}}