{"id":776,"date":"2020-03-27T13:46:20","date_gmt":"2020-03-27T13:46:20","guid":{"rendered":"https:\/\/webshop.ambroise.nl\/product\/unkategorisiert\/verstarkungsplatte-schulterpolster\/"},"modified":"2020-03-27T13:46:20","modified_gmt":"2020-03-27T13:46:20","slug":"verstarkungsplatte-schulterpolster","status":"publish","type":"product","link":"https:\/\/webshop.ambroise.nl\/de\/product\/armorthesen\/schulterorthesen\/wto\/verstarkungsplatte-schulterpolster\/","title":{"rendered":"Verst\u00e4rkungsplatte Schulterpolster"},"content":{"rendered":"","protected":false},"excerpt":{"rendered":"<p>Die Verst\u00e4rkungsplatte f\u00fcr das Schulterpolster Ihrer WilmerTrageorthese und der Wilmer2 Trageorthese befindet sich oben auf dem Schulterpolster. Dies stellt eine korrekte Druckverteilung auf Ihrer Schulter sicher, da die Gurte daran befestigt sind. Dies kann in normaler und langer Gr\u00f6\u00dfe bestellt werden.<\/p>\n","protected":false},"featured_media":777,"template":"","meta":[],"product_brand":[],"product_cat":[70,69],"product_tag":[],"class_list":{"0":"post-776","1":"product","2":"type-product","3":"status-publish","4":"has-post-thumbnail","6":"product_cat-wto","7":"product_cat-w2to","9":"first","10":"instock","11":"taxable","12":"shipping-taxable","13":"purchasable","14":"product-type-variable"},"_links":{"self":[{"href":"https:\/\/webshop.ambroise.nl\/de\/wp-json\/wp\/v2\/product\/776","targetHints":{"allow":["GET"]}}],"collection":[{"href":"https:\/\/webshop.ambroise.nl\/de\/wp-json\/wp\/v2\/product"}],"about":[{"href":"https:\/\/webshop.ambroise.nl\/de\/wp-json\/wp\/v2\/types\/product"}],"wp:featuredmedia":[{"embeddable":true,"href":"https:\/\/webshop.ambroise.nl\/de\/wp-json\/wp\/v2\/media\/777"}],"wp:attachment":[{"href":"https:\/\/webshop.ambroise.nl\/de\/wp-json\/wp\/v2\/media?parent=776"}],"wp:term":[{"taxonomy":"product_brand","embeddable":true,"href":"https:\/\/webshop.ambroise.nl\/de\/wp-json\/wp\/v2\/product_brand?post=776"},{"taxonomy":"product_cat","embeddable":true,"href":"https:\/\/webshop.ambroise.nl\/de\/wp-json\/wp\/v2\/product_cat?post=776"},{"taxonomy":"product_tag","embeddable":true,"href":"https:\/\/webshop.ambroise.nl\/de\/wp-json\/wp\/v2\/product_tag?post=776"}],"curies":[{"name":"wp","href":"https:\/\/api.w.org\/{rel}","templated":true}]}}