{"id":767,"date":"2020-03-30T08:16:52","date_gmt":"2020-03-30T08:16:52","guid":{"rendered":"https:\/\/webshop.ambroise.nl\/product\/unkategorisiert\/gurt-pelotte\/"},"modified":"2020-03-30T08:16:52","modified_gmt":"2020-03-30T08:16:52","slug":"gurt-pelotte","status":"publish","type":"product","link":"https:\/\/webshop.ambroise.nl\/de\/product\/beinorthesen\/genux\/gurt-pelotte\/","title":{"rendered":"Gurt Pelotte"},"content":{"rendered":"","protected":false},"excerpt":{"rendered":"<p>Eine willkommene Erg\u00e4nzung Ihrer UTX oder Genux Orthese ist vielleicht unser Gurt Pelotte. Die Pelotte wird \u00fcber den Gurt geschoben und sorgt f\u00fcr eine zus\u00e4tzliche Druckverteilung. Dies kann eine bequeme Erg\u00e4nzung sein, insbesondere an empfindlichen Teilen Ihres Beins. Die Gr\u00f6\u00dfe, die am besten zu Ihrem Gurt passt, h\u00e4ngt von der L\u00e4nge des Gurtes ab. Die angegebene Gr\u00f6\u00dfe ist der Abstand zwischen den Befestigungspunkten.<\/p>\n","protected":false},"featured_media":768,"template":"","meta":[],"product_brand":[],"product_cat":[72,73],"product_tag":[],"class_list":{"0":"post-767","1":"product","2":"type-product","3":"status-publish","4":"has-post-thumbnail","6":"product_cat-genux","7":"product_cat-utx","9":"first","10":"instock","11":"taxable","12":"shipping-taxable","13":"purchasable","14":"product-type-variable"},"_links":{"self":[{"href":"https:\/\/webshop.ambroise.nl\/de\/wp-json\/wp\/v2\/product\/767","targetHints":{"allow":["GET"]}}],"collection":[{"href":"https:\/\/webshop.ambroise.nl\/de\/wp-json\/wp\/v2\/product"}],"about":[{"href":"https:\/\/webshop.ambroise.nl\/de\/wp-json\/wp\/v2\/types\/product"}],"wp:featuredmedia":[{"embeddable":true,"href":"https:\/\/webshop.ambroise.nl\/de\/wp-json\/wp\/v2\/media\/768"}],"wp:attachment":[{"href":"https:\/\/webshop.ambroise.nl\/de\/wp-json\/wp\/v2\/media?parent=767"}],"wp:term":[{"taxonomy":"product_brand","embeddable":true,"href":"https:\/\/webshop.ambroise.nl\/de\/wp-json\/wp\/v2\/product_brand?post=767"},{"taxonomy":"product_cat","embeddable":true,"href":"https:\/\/webshop.ambroise.nl\/de\/wp-json\/wp\/v2\/product_cat?post=767"},{"taxonomy":"product_tag","embeddable":true,"href":"https:\/\/webshop.ambroise.nl\/de\/wp-json\/wp\/v2\/product_tag?post=767"}],"curies":[{"name":"wp","href":"https:\/\/api.w.org\/{rel}","templated":true}]}}