{"id":762,"date":"2020-03-30T08:26:41","date_gmt":"2020-03-30T08:26:41","guid":{"rendered":"https:\/\/webshop.ambroise.nl\/product\/unkategorisiert\/gurtverschluss-set\/"},"modified":"2020-04-22T15:15:23","modified_gmt":"2020-04-22T15:15:23","slug":"gurtverschlusssatz","status":"publish","type":"product","link":"https:\/\/webshop.ambroise.nl\/de\/product\/beinorthesen\/genux\/gurtverschlusssatz\/","title":{"rendered":"Gurtverschlusssatz"},"content":{"rendered":"","protected":false},"excerpt":{"rendered":"<p>Das Gurtverschlusssatz f\u00fcr die Gurte Ihrer UTX oder Genux Orthese sorgt daf\u00fcr, dass die Gurte &#8222;wie neu&#8220; wieder geschlossen werden.<\/p>\n<p>Es ist m\u00f6glich, dass die alten Verschl\u00fcsse staubig werden, so dass die Verschl\u00fcsse weniger funktionieren. Mit einem neuen Verschlusssatz bleiben die Gurte wieder fest verschlossen, sodass Sie die gew\u00fcnschte Sicherheit erhalten.<\/p>\n<p>Kommt in einem Satz von 4.<\/p>\n<p>Leider ist der Gurt selbst manchmal auch abgenutzt und muss ersetzt werden. Sie finden es unter <a href=\"https:\/\/webshop.ambroise.nl\/de\/product\/beinorthesen\/utx\/ims-gurt-komplett\/\">IMS Gurt Komplett<\/a>. Diese werden auch mit einem Gurtverschluss geliefert.<\/p>\n","protected":false},"featured_media":763,"template":"","meta":[],"product_brand":[],"product_cat":[72,73],"product_tag":[],"class_list":{"0":"post-762","1":"product","2":"type-product","3":"status-publish","4":"has-post-thumbnail","6":"product_cat-genux","7":"product_cat-utx","9":"first","10":"instock","11":"taxable","12":"shipping-taxable","13":"purchasable","14":"product-type-simple"},"_links":{"self":[{"href":"https:\/\/webshop.ambroise.nl\/de\/wp-json\/wp\/v2\/product\/762","targetHints":{"allow":["GET"]}}],"collection":[{"href":"https:\/\/webshop.ambroise.nl\/de\/wp-json\/wp\/v2\/product"}],"about":[{"href":"https:\/\/webshop.ambroise.nl\/de\/wp-json\/wp\/v2\/types\/product"}],"wp:featuredmedia":[{"embeddable":true,"href":"https:\/\/webshop.ambroise.nl\/de\/wp-json\/wp\/v2\/media\/763"}],"wp:attachment":[{"href":"https:\/\/webshop.ambroise.nl\/de\/wp-json\/wp\/v2\/media?parent=762"}],"wp:term":[{"taxonomy":"product_brand","embeddable":true,"href":"https:\/\/webshop.ambroise.nl\/de\/wp-json\/wp\/v2\/product_brand?post=762"},{"taxonomy":"product_cat","embeddable":true,"href":"https:\/\/webshop.ambroise.nl\/de\/wp-json\/wp\/v2\/product_cat?post=762"},{"taxonomy":"product_tag","embeddable":true,"href":"https:\/\/webshop.ambroise.nl\/de\/wp-json\/wp\/v2\/product_tag?post=762"}],"curies":[{"name":"wp","href":"https:\/\/api.w.org\/{rel}","templated":true}]}}