{"id":745,"date":"2020-03-30T08:29:40","date_gmt":"2020-03-30T08:29:40","guid":{"rendered":"https:\/\/webshop.ambroise.nl\/product\/unkategorisiert\/knochelverriegelungsschraube\/"},"modified":"2020-04-23T07:23:07","modified_gmt":"2020-04-23T07:23:07","slug":"knochelverriegelungsschraube","status":"publish","type":"product","link":"https:\/\/webshop.ambroise.nl\/de\/product\/beinorthesen\/utx\/knochelverriegelungsschraube\/","title":{"rendered":"Kn\u00f6chelverriegelungsschraube"},"content":{"rendered":"","protected":false},"excerpt":{"rendered":"<p>Die Kn\u00f6chelverriegelungsschraube f\u00fcr den UTX stellt sicher, dass der Kn\u00f6chelstreifen Ihres UTX in der richtigen Position gesichert ist. Sie k\u00f6nnen es einfach selbst ersetzen.<\/p>\n<p>Stellen Sie sicher, dass sich der Kn\u00f6chelstreifen genau in der gleichen Position befindet. Eine andere Position kann die Funktionsweise Ihrer Orthese beeinflussen. Fragen Sie im Zweifelsfall Ihren \u00f6rtlichen orthop\u00e4dischen Berater.<\/p>\n","protected":false},"featured_media":746,"template":"","meta":[],"product_brand":[],"product_cat":[73],"product_tag":[],"class_list":{"0":"post-745","1":"product","2":"type-product","3":"status-publish","4":"has-post-thumbnail","6":"product_cat-utx","8":"first","9":"instock","10":"taxable","11":"shipping-taxable","12":"purchasable","13":"product-type-simple"},"_links":{"self":[{"href":"https:\/\/webshop.ambroise.nl\/de\/wp-json\/wp\/v2\/product\/745","targetHints":{"allow":["GET"]}}],"collection":[{"href":"https:\/\/webshop.ambroise.nl\/de\/wp-json\/wp\/v2\/product"}],"about":[{"href":"https:\/\/webshop.ambroise.nl\/de\/wp-json\/wp\/v2\/types\/product"}],"wp:featuredmedia":[{"embeddable":true,"href":"https:\/\/webshop.ambroise.nl\/de\/wp-json\/wp\/v2\/media\/746"}],"wp:attachment":[{"href":"https:\/\/webshop.ambroise.nl\/de\/wp-json\/wp\/v2\/media?parent=745"}],"wp:term":[{"taxonomy":"product_brand","embeddable":true,"href":"https:\/\/webshop.ambroise.nl\/de\/wp-json\/wp\/v2\/product_brand?post=745"},{"taxonomy":"product_cat","embeddable":true,"href":"https:\/\/webshop.ambroise.nl\/de\/wp-json\/wp\/v2\/product_cat?post=745"},{"taxonomy":"product_tag","embeddable":true,"href":"https:\/\/webshop.ambroise.nl\/de\/wp-json\/wp\/v2\/product_tag?post=745"}],"curies":[{"name":"wp","href":"https:\/\/api.w.org\/{rel}","templated":true}]}}