{"id":743,"date":"2020-04-03T14:13:53","date_gmt":"2020-04-03T14:13:53","guid":{"rendered":"https:\/\/webshop.ambroise.nl\/product\/unkategorisiert\/karabinerhaken\/"},"modified":"2020-05-03T17:18:06","modified_gmt":"2020-05-03T17:18:06","slug":"karabinerhaken","status":"publish","type":"product","link":"https:\/\/webshop.ambroise.nl\/de\/product\/armorthesen\/schulterorthesen\/wto\/karabinerhaken\/","title":{"rendered":"Karabinerhaken"},"content":{"rendered":"","protected":false},"excerpt":{"rendered":"<p>Der WTO Karabinerhaken ersetzt den Vertix, um den Unterarm am Schultergurt aufzuh\u00e4ngen und so die Schulter zu entlasten. Die Sicherheit des Karabinerhakens sorgt f\u00fcr ein sicheres Gef\u00fchl w\u00e4hrend des Gebrauchs.<\/p>\n","protected":false},"featured_media":1133,"template":"","meta":[],"product_brand":[],"product_cat":[70],"product_tag":[],"class_list":{"0":"post-743","1":"product","2":"type-product","3":"status-publish","4":"has-post-thumbnail","6":"product_cat-wto","8":"first","9":"instock","10":"taxable","11":"shipping-taxable","12":"purchasable","13":"product-type-simple"},"_links":{"self":[{"href":"https:\/\/webshop.ambroise.nl\/de\/wp-json\/wp\/v2\/product\/743","targetHints":{"allow":["GET"]}}],"collection":[{"href":"https:\/\/webshop.ambroise.nl\/de\/wp-json\/wp\/v2\/product"}],"about":[{"href":"https:\/\/webshop.ambroise.nl\/de\/wp-json\/wp\/v2\/types\/product"}],"wp:featuredmedia":[{"embeddable":true,"href":"https:\/\/webshop.ambroise.nl\/de\/wp-json\/wp\/v2\/media\/1133"}],"wp:attachment":[{"href":"https:\/\/webshop.ambroise.nl\/de\/wp-json\/wp\/v2\/media?parent=743"}],"wp:term":[{"taxonomy":"product_brand","embeddable":true,"href":"https:\/\/webshop.ambroise.nl\/de\/wp-json\/wp\/v2\/product_brand?post=743"},{"taxonomy":"product_cat","embeddable":true,"href":"https:\/\/webshop.ambroise.nl\/de\/wp-json\/wp\/v2\/product_cat?post=743"},{"taxonomy":"product_tag","embeddable":true,"href":"https:\/\/webshop.ambroise.nl\/de\/wp-json\/wp\/v2\/product_tag?post=743"}],"curies":[{"name":"wp","href":"https:\/\/api.w.org\/{rel}","templated":true}]}}