{"id":739,"date":"2020-04-03T14:18:52","date_gmt":"2020-04-03T14:18:52","guid":{"rendered":"https:\/\/webshop.ambroise.nl\/product\/unkategorisiert\/schulterpolster-komplett\/"},"modified":"2020-04-24T09:47:52","modified_gmt":"2020-04-24T09:47:52","slug":"schulterpolster-komplett","status":"publish","type":"product","link":"https:\/\/webshop.ambroise.nl\/de\/product\/armorthesen\/schulterorthesen\/wto\/schulterpolster-komplett\/","title":{"rendered":"Schulterpolster komplett"},"content":{"rendered":"","protected":false},"excerpt":{"rendered":"<p>Das Schulterpolster komplett f\u00fcr den Schultergurt Ihrer Wilmer Trageorthese oder Wilmer2 Trageorthese besteht aus einem Schaumstoff Schulterpolster und einer Kunststoff Verst\u00e4rkungsplatte. Diese Teile k\u00f6nnen auch separat bestellt werden. Das Schulterpolster komplett ist in zwei Gr\u00f6\u00dfen erh\u00e4ltlich: Normal und Lang.<\/p>\n","protected":false},"featured_media":740,"template":"","meta":[],"product_brand":[],"product_cat":[70,69],"product_tag":[],"class_list":{"0":"post-739","1":"product","2":"type-product","3":"status-publish","4":"has-post-thumbnail","6":"product_cat-wto","7":"product_cat-w2to","9":"first","10":"instock","11":"taxable","12":"shipping-taxable","13":"purchasable","14":"product-type-variable"},"_links":{"self":[{"href":"https:\/\/webshop.ambroise.nl\/de\/wp-json\/wp\/v2\/product\/739","targetHints":{"allow":["GET"]}}],"collection":[{"href":"https:\/\/webshop.ambroise.nl\/de\/wp-json\/wp\/v2\/product"}],"about":[{"href":"https:\/\/webshop.ambroise.nl\/de\/wp-json\/wp\/v2\/types\/product"}],"wp:featuredmedia":[{"embeddable":true,"href":"https:\/\/webshop.ambroise.nl\/de\/wp-json\/wp\/v2\/media\/740"}],"wp:attachment":[{"href":"https:\/\/webshop.ambroise.nl\/de\/wp-json\/wp\/v2\/media?parent=739"}],"wp:term":[{"taxonomy":"product_brand","embeddable":true,"href":"https:\/\/webshop.ambroise.nl\/de\/wp-json\/wp\/v2\/product_brand?post=739"},{"taxonomy":"product_cat","embeddable":true,"href":"https:\/\/webshop.ambroise.nl\/de\/wp-json\/wp\/v2\/product_cat?post=739"},{"taxonomy":"product_tag","embeddable":true,"href":"https:\/\/webshop.ambroise.nl\/de\/wp-json\/wp\/v2\/product_tag?post=739"}],"curies":[{"name":"wp","href":"https:\/\/api.w.org\/{rel}","templated":true}]}}