{"id":735,"date":"2020-04-06T08:30:42","date_gmt":"2020-04-06T08:30:42","guid":{"rendered":"https:\/\/webshop.ambroise.nl\/product\/unkategorisiert\/tragegurt\/"},"modified":"2020-04-23T14:40:16","modified_gmt":"2020-04-23T14:40:16","slug":"tragegurt","status":"publish","type":"product","link":"https:\/\/webshop.ambroise.nl\/de\/product\/armorthesen\/schulterorthesen\/wto\/tragegurt\/","title":{"rendered":"Tragegurt"},"content":{"rendered":"","protected":false},"excerpt":{"rendered":"<p>Der Tragegurt f\u00fcr den Schultergurt der Wilmer Trageorthese. Dieser Gurt h\u00e4lt den Rahmen Ihrer Wilmer Tragorthese mit dem Vertix oder dem Karabinerhaken. Kommt mit 2 Gurtverschl\u00fcssen.<\/p>\n","protected":false},"featured_media":736,"template":"","meta":[],"product_brand":[],"product_cat":[70],"product_tag":[],"class_list":{"0":"post-735","1":"product","2":"type-product","3":"status-publish","4":"has-post-thumbnail","6":"product_cat-wto","8":"first","9":"instock","10":"taxable","11":"shipping-taxable","12":"purchasable","13":"product-type-simple"},"_links":{"self":[{"href":"https:\/\/webshop.ambroise.nl\/de\/wp-json\/wp\/v2\/product\/735","targetHints":{"allow":["GET"]}}],"collection":[{"href":"https:\/\/webshop.ambroise.nl\/de\/wp-json\/wp\/v2\/product"}],"about":[{"href":"https:\/\/webshop.ambroise.nl\/de\/wp-json\/wp\/v2\/types\/product"}],"wp:featuredmedia":[{"embeddable":true,"href":"https:\/\/webshop.ambroise.nl\/de\/wp-json\/wp\/v2\/media\/736"}],"wp:attachment":[{"href":"https:\/\/webshop.ambroise.nl\/de\/wp-json\/wp\/v2\/media?parent=735"}],"wp:term":[{"taxonomy":"product_brand","embeddable":true,"href":"https:\/\/webshop.ambroise.nl\/de\/wp-json\/wp\/v2\/product_brand?post=735"},{"taxonomy":"product_cat","embeddable":true,"href":"https:\/\/webshop.ambroise.nl\/de\/wp-json\/wp\/v2\/product_cat?post=735"},{"taxonomy":"product_tag","embeddable":true,"href":"https:\/\/webshop.ambroise.nl\/de\/wp-json\/wp\/v2\/product_tag?post=735"}],"curies":[{"name":"wp","href":"https:\/\/api.w.org\/{rel}","templated":true}]}}