{"id":1166,"date":"2020-05-26T14:16:45","date_gmt":"2020-05-26T14:16:45","guid":{"rendered":"https:\/\/webshop.ambroise.nl\/product\/unkategorisiert\/ellbogengurtsatz\/"},"modified":"2020-05-26T14:16:45","modified_gmt":"2020-05-26T14:16:45","slug":"ellbogengurtsatz","status":"publish","type":"product","link":"https:\/\/webshop.ambroise.nl\/de\/product\/armorthesen\/schulterorthesen\/wto\/ellbogengurtsatz\/","title":{"rendered":"Ellbogengurtsatz"},"content":{"rendered":"","protected":false},"excerpt":{"rendered":"<p>Das Ellbogengurtsatz f\u00fcr Ihre Wilmer Trageorthese l\u00e4sst sich leicht austauschen und sorgt daf\u00fcr, dass der Arm bequem im Rahmen ruht.<\/p>\n","protected":false},"featured_media":1162,"template":"","meta":[],"product_brand":[],"product_cat":[70],"product_tag":[],"class_list":{"0":"post-1166","1":"product","2":"type-product","3":"status-publish","4":"has-post-thumbnail","6":"product_cat-wto","8":"first","9":"instock","10":"taxable","11":"shipping-taxable","12":"purchasable","13":"product-type-simple"},"_links":{"self":[{"href":"https:\/\/webshop.ambroise.nl\/de\/wp-json\/wp\/v2\/product\/1166","targetHints":{"allow":["GET"]}}],"collection":[{"href":"https:\/\/webshop.ambroise.nl\/de\/wp-json\/wp\/v2\/product"}],"about":[{"href":"https:\/\/webshop.ambroise.nl\/de\/wp-json\/wp\/v2\/types\/product"}],"wp:featuredmedia":[{"embeddable":true,"href":"https:\/\/webshop.ambroise.nl\/de\/wp-json\/wp\/v2\/media\/1162"}],"wp:attachment":[{"href":"https:\/\/webshop.ambroise.nl\/de\/wp-json\/wp\/v2\/media?parent=1166"}],"wp:term":[{"taxonomy":"product_brand","embeddable":true,"href":"https:\/\/webshop.ambroise.nl\/de\/wp-json\/wp\/v2\/product_brand?post=1166"},{"taxonomy":"product_cat","embeddable":true,"href":"https:\/\/webshop.ambroise.nl\/de\/wp-json\/wp\/v2\/product_cat?post=1166"},{"taxonomy":"product_tag","embeddable":true,"href":"https:\/\/webshop.ambroise.nl\/de\/wp-json\/wp\/v2\/product_tag?post=1166"}],"curies":[{"name":"wp","href":"https:\/\/api.w.org\/{rel}","templated":true}]}}